{"id":125,"date":"2022-07-15T13:03:36","date_gmt":"2022-07-15T13:03:36","guid":{"rendered":"https:\/\/nachtdergitarre.de\/?page_id=125"},"modified":"2024-08-16T10:49:37","modified_gmt":"2024-08-16T10:49:37","slug":"impressum","status":"publish","type":"page","link":"https:\/\/nachtdergitarre.de\/?page_id=125","title":{"rendered":"Impressum"},"content":{"rendered":"\t\t<div data-elementor-type=\"wp-page\" data-elementor-id=\"125\" class=\"elementor elementor-125\" data-elementor-post-type=\"page\">\n\t\t\t\t\t\t<section class=\"elementor-section elementor-top-section elementor-element elementor-element-9e7a775 elementor-section-boxed elementor-section-height-default elementor-section-height-default\" data-id=\"9e7a775\" data-element_type=\"section\">\n\t\t\t\t\t\t<div class=\"elementor-container elementor-column-gap-default\">\n\t\t\t\t\t<div class=\"elementor-column elementor-col-100 elementor-top-column elementor-element elementor-element-ff652ca\" data-id=\"ff652ca\" data-element_type=\"column\">\n\t\t\t<div class=\"elementor-widget-wrap elementor-element-populated\">\n\t\t\t\t\t\t<div class=\"elementor-element elementor-element-87b20c1 elementor-widget elementor-widget-spacer\" data-id=\"87b20c1\" data-element_type=\"widget\" data-widget_type=\"spacer.default\">\n\t\t\t\t<div class=\"elementor-widget-container\">\n\t\t\t\t\t\t\t<div class=\"elementor-spacer\">\n\t\t\t<div class=\"elementor-spacer-inner\"><\/div>\n\t\t<\/div>\n\t\t\t\t\t\t<\/div>\n\t\t\t\t<\/div>\n\t\t\t\t<div class=\"elementor-element elementor-element-a35252b elementor-widget elementor-widget-heading\" data-id=\"a35252b\" data-element_type=\"widget\" data-widget_type=\"heading.default\">\n\t\t\t\t<div class=\"elementor-widget-container\">\n\t\t\t\t\t<h1 class=\"elementor-heading-title elementor-size-default\">IMPRESSUM<\/h1>\t\t\t\t<\/div>\n\t\t\t\t<\/div>\n\t\t\t\t<div class=\"elementor-element elementor-element-b75eb2f elementor-widget elementor-widget-text-editor\" data-id=\"b75eb2f\" data-element_type=\"widget\" data-widget_type=\"text-editor.default\">\n\t\t\t\t<div class=\"elementor-widget-container\">\n\t\t\t\t\t\t\t\t\t<div class=\"elementor-element elementor-element-ec09a85 elementor-widget elementor-widget-text-editor\" data-id=\"ec09a85\" data-element_type=\"widget\" data-widget_type=\"text-editor.default\"><div class=\"elementor-widget-container\"><p>Timo Gross<br \/>Weinbergstr.16<br \/>76887 Bad Bergzabern<br \/>Telefon:\u00a0+49 (0)6343\/939728<br \/>E-Mail:\u00a0<a href=\"contact@timogross.com\">contact(at)timogross.com<\/a><\/p><p>Ust-IdNr.: DE 162841508<\/p><\/div><\/div><p>Ralph Brauner<br \/>Telefon: +49(0)17634 52 05 94<br \/><a class=\"icon solid fa-envelope\" href=\"mailto:ralphbrauner@gmail.com\">ralphbrauner@gmail.com<\/a><\/p><div class=\"elementor-element elementor-element-ec09a85 elementor-widget elementor-widget-text-editor\" data-id=\"ec09a85\" data-element_type=\"widget\" data-widget_type=\"text-editor.default\"><div class=\"elementor-widget-container\"><h3>\u00a0<\/h3><h3><b>Verantwortlich f\u00fcr den Inhalt nach \u00a7 55 Abs. 2 RStV:<\/b><\/h3><p>Timo Gross, Ralph Brauner<\/p><h3><b>Quellenangaben f\u00fcr die verwendeten Bilder und Grafiken:<\/b><\/h3><p><a href=\"https:\/\/www.um-fotografie-krefeld.de\/Ueber-mich\" target=\"_blank\" rel=\"noopener\">Ulrich Mormels<\/a><\/p><p>Die Nutzung unserer Webseite ist in der Regel ohne Angabe personenbezogener Daten m\u00f6glich. Soweit auf unseren Seiten personenbezogene Daten (beispielsweise Name, Anschrift oder E-Mail-Adressen) erhoben werden, erfolgt dies, soweit m\u00f6glich, stets auf freiwilliger Basis. Diese Daten werden ohne Ihre ausdr\u00fcckliche Zustimmung nicht an Dritte weitergegeben.<\/p><p>Wir weisen darauf hin, dass die Daten\u00fcbertragung im Internet (z.B. bei der Kommunikation per E-Mail) Sicherheitsl\u00fccken aufweisen kann. Ein l\u00fcckenloser Schutz der Daten vor dem Zugriff durch Dritte ist nicht m\u00f6glich.<\/p><p>Der Nutzung von im Rahmen der Impressumspflicht ver\u00f6ffentlichten Kontaktdaten durch Dritte zur \u00dcbersendung von nicht ausdr\u00fccklich angeforderter Werbung und Informationsmaterialien wird hiermit ausdr\u00fccklich widersprochen. Die Betreiber der Seiten behalten sich ausdr\u00fccklich rechtliche Schritte im Falle der unverlangten Zusendung von Werbeinformationen, etwa durch Spam-Mails, vor.<\/p><h3><b>Datenschutzerkl\u00e4rung f\u00fcr die Nutzung von Facebook-Plugins (Like-Button):<\/b><\/h3><p>Auf unseren Seiten sind Plugins des sozialen Netzwerks Facebook, 1601 South California Avenue, Palo Alto, CA 94304, USA integriert. Die Facebook-Plugins erkennen Sie an dem Facebook-Logo oder dem \u201cLike-Button\u201d (\u201cGef\u00e4llt mir\u201d) auf unserer Seite. Eine \u00dcbersicht \u00fcber die Facebook-Plugins finden Sie hier:<a href=\"http:\/\/developers.facebook.com\/docs\/plugins\/\" target=\"_blank\" rel=\"noopener\">http:\/\/developers.facebook.com\/docs\/plugins\/<\/a>.<br \/>Wenn Sie unsere Seiten besuchen, wird \u00fcber das Plugin eine direkte Verbindung zwischen Ihrem Browser und dem Facebook-Server hergestellt. Facebook erh\u00e4lt dadurch die Information, dass Sie mit Ihrer IP-Adresse unsere Seite besucht haben. Wenn Sie den Facebook \u201cLike-Button\u201d anklicken w\u00e4hrend Sie in Ihrem Facebook-Account eingeloggt sind, k\u00f6nnen Sie die Inhalte unserer Seiten auf Ihrem Facebook-Profil verlinken. Dadurch kann Facebook den Besuch unserer Seiten Ihrem Benutzerkonto zuordnen. Wir weisen darauf hin, dass wir als Anbieter der Seiten keine Kenntnis vom Inhalt der \u00fcbermittelten Daten sowie deren Nutzung durch Facebook erhalten. Weitere Informationen hierzu finden Sie in der Datenschutzerkl\u00e4rung von facebook unter\u00a0<a href=\"http:\/\/de-de.facebook.com\/policy.php\" target=\"_blank\" rel=\"noopener\">http:\/\/de-de.facebook.com\/policy.php<\/a><\/p><p>Wenn Sie nicht w\u00fcnschen, dass Facebook den Besuch unserer Seiten Ihrem Facebook-Nutzerkonto zuordnen kann, loggen Sie sich bitte aus Ihrem Facebook-Benutzerkonto aus.<\/p><h3><b>Datenschutzerkl\u00e4rung f\u00fcr die Nutzung von Google +1:<\/b><\/h3><p>Erfassung und Weitergabe von Informationen:<br \/>Mithilfe der Google +1-Schaltfl\u00e4che k\u00f6nnen Sie Informationen weltweit ver\u00f6ffentlichen. \u00dcber die Google +1-Schaltfl\u00e4che erhalten Sie und andere Nutzer personalisierte Inhalte von Google und unseren Partnern. Google speichert sowohl die Information, dass Sie f\u00fcr einen Inhalt +1 gegeben haben, als auch Informationen \u00fcber die Seite, die Sie beim Klicken auf +1 angesehen haben. Ihre +1 k\u00f6nnen als Hinweise zusammen mit Ihrem Profilnamen und Ihrem Foto in Google-Diensten, wie etwa in Suchergebnissen oder in Ihrem Google-Profil, oder an anderen Stellen auf Websites und Anzeigen im Internet eingeblendet werden.<br \/>Google zeichnet Informationen \u00fcber Ihre +1-Aktivit\u00e4ten auf, um die Google-Dienste f\u00fcr Sie und andere zu verbessern. Um die Google +1-Schaltfl\u00e4che verwenden zu k\u00f6nnen, ben\u00f6tigen Sie ein weltweit sichtbares, \u00f6ffentliches Google-Profil, das zumindest den f\u00fcr das Profil gew\u00e4hlten Namen enthalten muss. Dieser Name wird in allen Google-Diensten verwendet. In manchen F\u00e4llen kann dieser Name auch einen anderen Namen ersetzen, den Sie beim Teilen von Inhalten \u00fcber Ihr Google-Konto verwendet haben. Die Identit\u00e4t Ihres Google-Profils kann Nutzern angezeigt werden, die Ihre E-Mail-Adresse kennen oder \u00fcber andere identifizierende Informationen von Ihnen verf\u00fcgen.<\/p><p>Verwendung der erfassten Informationen:<br \/>Neben den oben erl\u00e4uterten Verwendungszwecken werden die von Ihnen bereitgestellten Informationen gem\u00e4\u00df den geltenden Google-Datenschutzbestimmungen genutzt. Google ver\u00f6ffentlicht m\u00f6glicherweise zusammengefasste Statistiken \u00fcber die +1-Aktivit\u00e4ten der Nutzer bzw. gibt diese an Nutzer und Partner weiter, wie etwa Publisher, Inserenten oder verbundene Websites.<\/p><h3><b>Datenschutzerkl\u00e4rung f\u00fcr die Nutzung von Twitter:<\/b><\/h3><p>Auf unseren Seiten sind Funktionen des Dienstes Twitter eingebunden. Diese Funktionen werden angeboten durch die Twitter Inc., Twitter, Inc. 1355 Market St, Suite 900, San Francisco, CA 94103, USA. Durch das Benutzen von Twitter und der Funktion \u201cRe-Tweet\u201d werden die von Ihnen besuchten Webseiten mit Ihrem Twitter-Account verkn\u00fcpft und anderen Nutzern bekannt gegeben. Dabei werden auch Daten an Twitter \u00fcbertragen.<\/p><p>Wir weisen darauf hin, dass wir als Anbieter der Seiten keine Kenntnis vom Inhalt der \u00fcbermittelten Daten sowie deren Nutzung durch Twitter erhalten. Weitere Informationen hierzu finden Sie in der Datenschutzerkl\u00e4rung von Twitter unter\u00a0<a href=\"http:\/\/twitter.com\/privacy\" target=\"_blank\" rel=\"noopener\">http:\/\/twitter.com\/privacy<\/a>.<\/p><p>Ihre Datenschutzeinstellungen bei Twitter k\u00f6nnen Sie in den Konto-Einstellungen unter\u00a0<a href=\"http:\/\/twitter.com\/account\/settings\" target=\"_blank\" rel=\"noopener\">http:\/\/twitter.com\/account\/settings<\/a>\u00a0\u00e4ndern.<\/p><p>Quellverweis:\u00a0<a href=\"http:\/\/www.e-recht24.de\/muster-datenschutzerklaerung.htm\" target=\"_blank\" rel=\"noopener\">eRecht24 Datenschutzerkl\u00e4rung<\/a>,\u00a0<a href=\"http:\/\/www.e-recht24.de\/artikel\/datenschutz\/6590-facebook-like-button-datenschutz-disclaimer.html\" target=\"_blank\" rel=\"noopener\">eRecht24 Datenschutzerkl\u00e4rung f\u00fcr Facebook<\/a>,\u00a0<a href=\"http:\/\/www.google.com\/intl\/de\/analytics\/privacyoverview.html\" target=\"_blank\" rel=\"noopener\">Google Analytics Bedingungen<\/a>,\u00a0<a href=\"http:\/\/www.google.com\/intl\/de\/+\/policy\/+1button.html\" target=\"_blank\" rel=\"noopener\">Google +1 Bedingungen<\/a>,\u00a0<a href=\"http:\/\/twitter.com\/privacy\" target=\"_blank\" rel=\"noopener\">Twitter Bedingungen<\/a><\/p><h3><b>Verlinkungen:<\/b><\/h3><p>Verweise und Links bei direkten oder indirekten Verweisen auf fremde Webseiten (\u201cHyperlinks\u201d), die au\u00dferhalb des Verantwortungsbereiches des Autors liegen, w\u00fcrde eine Haftungsverpflichtung ausschlie\u00dflich in dem Fall in Kraft treten, in dem der Autor von den Inhalten Kenntnis hat und es ihm technisch m\u00f6glich und zumutbar w\u00e4re, die Nutzung im Falle rechtswidriger Inhalte zu verhindern. Der Autor erkl\u00e4rt hiermit ausdr\u00fccklich, dass zum Zeitpunkt der Linksetzung keine illegalen Inhalte auf den zu verlinkenden Seiten erkennbar waren. Auf die aktuelle und zuk\u00fcnftige Gestaltung, die Inhalte oder die Urheberschaft der gelinkten\/verkn\u00fcpften Seiten hat der Autor keinerlei Einfluss. Deshalb distanziert er sich hiermit ausdr\u00fccklich von allen Inhalten aller gelinkten \/verkn\u00fcpften Seiten, die nach der Linksetzung ver\u00e4ndert wurden. Diese Feststellung gilt f\u00fcr alle innerhalb des eigenen Internetangebotes gesetzten Links und Verweise sowie f\u00fcr Fremdeintr\u00e4ge in vom Autor eingerichteten G\u00e4steb\u00fcchern, Diskussionsforen und Mailinglisten. F\u00fcr illegale, fehlerhafte oder unvollst\u00e4ndige Inhalte und insbesondere f\u00fcr Sch\u00e4den, die aus der Nutzung oder Nichtnutzung solcherart dargebotener Informationen entstehen, haftet allein der Anbieter der Seite, auf welche verwiesen wurde, nicht derjenige, der \u00fcber Links auf die jeweilige Ver\u00f6ffentlichung lediglich verweist.<\/p><\/div><\/div><div class=\"elementor-element elementor-element-98624c4 elementor-widget elementor-widget-spacer\" data-id=\"98624c4\" data-element_type=\"widget\" data-widget_type=\"spacer.default\"><div class=\"elementor-widget-container\"><div class=\"elementor-spacer\">\u00a0<\/div><\/div><\/div>\t\t\t\t\t\t\t\t<\/div>\n\t\t\t\t<\/div>\n\t\t\t\t<div class=\"elementor-element elementor-element-5c28a0c elementor-widget elementor-widget-spacer\" data-id=\"5c28a0c\" data-element_type=\"widget\" data-widget_type=\"spacer.default\">\n\t\t\t\t<div class=\"elementor-widget-container\">\n\t\t\t\t\t\t\t<div class=\"elementor-spacer\">\n\t\t\t<div class=\"elementor-spacer-inner\"><\/div>\n\t\t<\/div>\n\t\t\t\t\t\t<\/div>\n\t\t\t\t<\/div>\n\t\t\t\t\t<\/div>\n\t\t<\/div>\n\t\t\t\t\t<\/div>\n\t\t<\/section>\n\t\t\t\t<\/div>\n\t\t","protected":false},"excerpt":{"rendered":"<p>IMPRESSUM Timo GrossWeinbergstr.1676887 Bad BergzabernTelefon:\u00a0+49 (0)6343\/939728E-Mail:\u00a0contact(at)timogross.com Ust-IdNr.: DE 162841508 Ralph BraunerTelefon: +49(0)17634 52 05 94ralphbrauner@gmail.com \u00a0 Verantwortlich f\u00fcr den Inhalt nach \u00a7 55 Abs. 2 RStV: Timo Gross, Ralph Brauner Quellenangaben f\u00fcr die verwendeten Bilder und Grafiken: Ulrich Mormels Die Nutzung unserer Webseite ist in der Regel ohne Angabe personenbezogener Daten m\u00f6glich. Soweit auf unseren [&hellip;]<\/p>\n","protected":false},"author":1,"featured_media":0,"parent":0,"menu_order":0,"comment_status":"closed","ping_status":"closed","template":"","meta":{"_acf_changed":false,"footnotes":""},"class_list":["post-125","page","type-page","status-publish","hentry"],"acf":[],"yoast_head":"<!-- This site is optimized with the Yoast SEO plugin v25.7 - https:\/\/yoast.com\/wordpress\/plugins\/seo\/ -->\n<title>Impressum - Nacht der Gitarre<\/title>\n<meta name=\"robots\" content=\"index, follow, max-snippet:-1, max-image-preview:large, max-video-preview:-1\" \/>\n<link rel=\"canonical\" href=\"https:\/\/nachtdergitarre.de\/?page_id=125\" \/>\n<meta property=\"og:locale\" content=\"de_DE\" \/>\n<meta property=\"og:type\" content=\"article\" \/>\n<meta property=\"og:title\" content=\"Impressum - Nacht der Gitarre\" \/>\n<meta property=\"og:description\" content=\"IMPRESSUM Timo GrossWeinbergstr.1676887 Bad BergzabernTelefon:\u00a0+49 (0)6343\/939728E-Mail:\u00a0contact(at)timogross.com Ust-IdNr.: DE 162841508 Ralph BraunerTelefon: +49(0)17634 52 05 94ralphbrauner@gmail.com \u00a0 Verantwortlich f\u00fcr den Inhalt nach \u00a7 55 Abs. 2 RStV: Timo Gross, Ralph Brauner Quellenangaben f\u00fcr die verwendeten Bilder und Grafiken: Ulrich Mormels Die Nutzung unserer Webseite ist in der Regel ohne Angabe personenbezogener Daten m\u00f6glich. Soweit auf unseren [&hellip;]\" \/>\n<meta property=\"og:url\" content=\"https:\/\/nachtdergitarre.de\/?page_id=125\" \/>\n<meta property=\"og:site_name\" content=\"Nacht der Gitarre\" \/>\n<meta property=\"article:modified_time\" content=\"2024-08-16T10:49:37+00:00\" \/>\n<meta name=\"twitter:card\" content=\"summary_large_image\" \/>\n<meta name=\"twitter:label1\" content=\"Gesch\u00e4tzte Lesezeit\" \/>\n\t<meta name=\"twitter:data1\" content=\"10\u00a0Minuten\" \/>\n<script type=\"application\/ld+json\" class=\"yoast-schema-graph\">{\"@context\":\"https:\/\/schema.org\",\"@graph\":[{\"@type\":\"WebPage\",\"@id\":\"https:\/\/nachtdergitarre.de\/?page_id=125\",\"url\":\"https:\/\/nachtdergitarre.de\/?page_id=125\",\"name\":\"Impressum - Nacht der Gitarre\",\"isPartOf\":{\"@id\":\"https:\/\/nachtdergitarre.de\/#website\"},\"datePublished\":\"2022-07-15T13:03:36+00:00\",\"dateModified\":\"2024-08-16T10:49:37+00:00\",\"breadcrumb\":{\"@id\":\"https:\/\/nachtdergitarre.de\/?page_id=125#breadcrumb\"},\"inLanguage\":\"de\",\"potentialAction\":[{\"@type\":\"ReadAction\",\"target\":[\"https:\/\/nachtdergitarre.de\/?page_id=125\"]}]},{\"@type\":\"BreadcrumbList\",\"@id\":\"https:\/\/nachtdergitarre.de\/?page_id=125#breadcrumb\",\"itemListElement\":[{\"@type\":\"ListItem\",\"position\":1,\"name\":\"Startseite\",\"item\":\"https:\/\/nachtdergitarre.de\/\"},{\"@type\":\"ListItem\",\"position\":2,\"name\":\"Impressum\"}]},{\"@type\":\"WebSite\",\"@id\":\"https:\/\/nachtdergitarre.de\/#website\",\"url\":\"https:\/\/nachtdergitarre.de\/\",\"name\":\"Nacht der Gitarre\",\"description\":\"Ralph Brauner und Timo Gross\",\"publisher\":{\"@id\":\"https:\/\/nachtdergitarre.de\/#organization\"},\"potentialAction\":[{\"@type\":\"SearchAction\",\"target\":{\"@type\":\"EntryPoint\",\"urlTemplate\":\"https:\/\/nachtdergitarre.de\/?s={search_term_string}\"},\"query-input\":{\"@type\":\"PropertyValueSpecification\",\"valueRequired\":true,\"valueName\":\"search_term_string\"}}],\"inLanguage\":\"de\"},{\"@type\":\"Organization\",\"@id\":\"https:\/\/nachtdergitarre.de\/#organization\",\"name\":\"Nacht der Gitarre\",\"url\":\"https:\/\/nachtdergitarre.de\/\",\"logo\":{\"@type\":\"ImageObject\",\"inLanguage\":\"de\",\"@id\":\"https:\/\/nachtdergitarre.de\/#\/schema\/logo\/image\/\",\"url\":\"https:\/\/nachtdergitarre.de\/wp-content\/uploads\/2022\/07\/NDG_Logo_2.png\",\"contentUrl\":\"https:\/\/nachtdergitarre.de\/wp-content\/uploads\/2022\/07\/NDG_Logo_2.png\",\"width\":874,\"height\":272,\"caption\":\"Nacht der Gitarre\"},\"image\":{\"@id\":\"https:\/\/nachtdergitarre.de\/#\/schema\/logo\/image\/\"}}]}<\/script>\n<!-- \/ Yoast SEO plugin. -->","yoast_head_json":{"title":"Impressum - Nacht der Gitarre","robots":{"index":"index","follow":"follow","max-snippet":"max-snippet:-1","max-image-preview":"max-image-preview:large","max-video-preview":"max-video-preview:-1"},"canonical":"https:\/\/nachtdergitarre.de\/?page_id=125","og_locale":"de_DE","og_type":"article","og_title":"Impressum - Nacht der Gitarre","og_description":"IMPRESSUM Timo GrossWeinbergstr.1676887 Bad BergzabernTelefon:\u00a0+49 (0)6343\/939728E-Mail:\u00a0contact(at)timogross.com Ust-IdNr.: DE 162841508 Ralph BraunerTelefon: +49(0)17634 52 05 94ralphbrauner@gmail.com \u00a0 Verantwortlich f\u00fcr den Inhalt nach \u00a7 55 Abs. 2 RStV: Timo Gross, Ralph Brauner Quellenangaben f\u00fcr die verwendeten Bilder und Grafiken: Ulrich Mormels Die Nutzung unserer Webseite ist in der Regel ohne Angabe personenbezogener Daten m\u00f6glich. Soweit auf unseren [&hellip;]","og_url":"https:\/\/nachtdergitarre.de\/?page_id=125","og_site_name":"Nacht der Gitarre","article_modified_time":"2024-08-16T10:49:37+00:00","twitter_card":"summary_large_image","twitter_misc":{"Gesch\u00e4tzte Lesezeit":"10\u00a0Minuten"},"schema":{"@context":"https:\/\/schema.org","@graph":[{"@type":"WebPage","@id":"https:\/\/nachtdergitarre.de\/?page_id=125","url":"https:\/\/nachtdergitarre.de\/?page_id=125","name":"Impressum - Nacht der Gitarre","isPartOf":{"@id":"https:\/\/nachtdergitarre.de\/#website"},"datePublished":"2022-07-15T13:03:36+00:00","dateModified":"2024-08-16T10:49:37+00:00","breadcrumb":{"@id":"https:\/\/nachtdergitarre.de\/?page_id=125#breadcrumb"},"inLanguage":"de","potentialAction":[{"@type":"ReadAction","target":["https:\/\/nachtdergitarre.de\/?page_id=125"]}]},{"@type":"BreadcrumbList","@id":"https:\/\/nachtdergitarre.de\/?page_id=125#breadcrumb","itemListElement":[{"@type":"ListItem","position":1,"name":"Startseite","item":"https:\/\/nachtdergitarre.de\/"},{"@type":"ListItem","position":2,"name":"Impressum"}]},{"@type":"WebSite","@id":"https:\/\/nachtdergitarre.de\/#website","url":"https:\/\/nachtdergitarre.de\/","name":"Nacht der Gitarre","description":"Ralph Brauner und Timo Gross","publisher":{"@id":"https:\/\/nachtdergitarre.de\/#organization"},"potentialAction":[{"@type":"SearchAction","target":{"@type":"EntryPoint","urlTemplate":"https:\/\/nachtdergitarre.de\/?s={search_term_string}"},"query-input":{"@type":"PropertyValueSpecification","valueRequired":true,"valueName":"search_term_string"}}],"inLanguage":"de"},{"@type":"Organization","@id":"https:\/\/nachtdergitarre.de\/#organization","name":"Nacht der Gitarre","url":"https:\/\/nachtdergitarre.de\/","logo":{"@type":"ImageObject","inLanguage":"de","@id":"https:\/\/nachtdergitarre.de\/#\/schema\/logo\/image\/","url":"https:\/\/nachtdergitarre.de\/wp-content\/uploads\/2022\/07\/NDG_Logo_2.png","contentUrl":"https:\/\/nachtdergitarre.de\/wp-content\/uploads\/2022\/07\/NDG_Logo_2.png","width":874,"height":272,"caption":"Nacht der Gitarre"},"image":{"@id":"https:\/\/nachtdergitarre.de\/#\/schema\/logo\/image\/"}}]}},"_links":{"self":[{"href":"https:\/\/nachtdergitarre.de\/index.php?rest_route=\/wp\/v2\/pages\/125","targetHints":{"allow":["GET"]}}],"collection":[{"href":"https:\/\/nachtdergitarre.de\/index.php?rest_route=\/wp\/v2\/pages"}],"about":[{"href":"https:\/\/nachtdergitarre.de\/index.php?rest_route=\/wp\/v2\/types\/page"}],"author":[{"embeddable":true,"href":"https:\/\/nachtdergitarre.de\/index.php?rest_route=\/wp\/v2\/users\/1"}],"replies":[{"embeddable":true,"href":"https:\/\/nachtdergitarre.de\/index.php?rest_route=%2Fwp%2Fv2%2Fcomments&post=125"}],"version-history":[{"count":0,"href":"https:\/\/nachtdergitarre.de\/index.php?rest_route=\/wp\/v2\/pages\/125\/revisions"}],"wp:attachment":[{"href":"https:\/\/nachtdergitarre.de\/index.php?rest_route=%2Fwp%2Fv2%2Fmedia&parent=125"}],"curies":[{"name":"wp","href":"https:\/\/api.w.org\/{rel}","templated":true}]}}